
{"id":92,"date":"2021-06-22T15:05:44","date_gmt":"2021-06-22T15:05:44","guid":{"rendered":"https:\/\/admrp.com.br\/portal\/?page_id=92"},"modified":"2021-06-22T16:45:58","modified_gmt":"2021-06-22T16:45:58","slug":"progresso","status":"publish","type":"page","link":"https:\/\/admrp.com.br\/portal\/congregacoes\/progresso\/","title":{"rendered":"Progresso"},"content":{"rendered":"[vc_row type=&#8221;in_container&#8221; full_screen_row_position=&#8221;middle&#8221; equal_height=&#8221;yes&#8221; content_placement=&#8221;middle&#8221; scene_position=&#8221;center&#8221; text_color=&#8221;dark&#8221; text_align=&#8221;left&#8221; top_padding=&#8221;50&#8243; bottom_padding=&#8221;50&#8243; overlay_strength=&#8221;0.3&#8243; shape_divider_position=&#8221;bottom&#8221; shape_type=&#8221;&#8221;][vc_column column_padding=&#8221;no-extra-padding&#8221; column_padding_position=&#8221;all&#8221; background_color_opacity=&#8221;1&#8243; background_hover_color_opacity=&#8221;1&#8243; column_shadow=&#8221;none&#8221; column_border_radius=&#8221;none&#8221; width=&#8221;1\/2&#8243; tablet_text_alignment=&#8221;default&#8221; phone_text_alignment=&#8221;default&#8221; column_border_width=&#8221;none&#8221; column_border_style=&#8221;solid&#8221;][vc_column_text]\n<h3 style=\"text-align: justify;\">Venha participar de um culto conosco aqui na congrega\u00e7\u00e3o do progresso da ADMRP, venha com toda a sua familia, traga a sua caravana, venha com a sua igreja, coopere conosco, receba o seu milagre. Jesus Cristo tem a solu\u00e7\u00e3o para tudo aquilo que voc\u00ea n\u00e3o conseguiu solucionar at\u00e9 hoje. Jesus Salva &#8211; Jesus Liberta &#8211; Jesus Batiza com Espirito Santo &#8211; Jesus Cura e muito mais. Ele tem poder pra fazer qualquer coisa. De uma chance pra voc\u00ea mesmo(a) e venha ser tocado(a) pelo poder de Deus que est\u00e1 presente aqui nessa casa de ora\u00e7\u00e3o. Deus te aben\u00e7oe.<\/h3>\n[\/vc_column_text][\/vc_column][vc_column column_padding=&#8221;padding-2-percent&#8221; column_padding_position=&#8221;all&#8221; background_color_opacity=&#8221;1&#8243; background_hover_color_opacity=&#8221;1&#8243; column_shadow=&#8221;small_depth&#8221; column_border_radius=&#8221;3px&#8221; width=&#8221;1\/2&#8243; tablet_text_alignment=&#8221;default&#8221; phone_text_alignment=&#8221;default&#8221; column_border_width=&#8221;none&#8221;][vc_column_text]\n<h2>HOR\u00c1RIOS DE CULTOS<\/h2>\n<ul>\n<li>\n<h3>DOMINGO &#8211; 19H<\/h3>\n<\/li>\n<li>\n<h3>TER\u00c7A-FEIRA &#8211; 19H30<\/h3>\n<\/li>\n<li>\n<h3>QUINTA-FEIRA &#8211; 19H30<\/h3>\n<\/li>\n<\/ul>\n[\/vc_column_text][vc_raw_html]JTNDaWZyYW1lJTIwc3JjJTNEJTIyaHR0cHMlM0ElMkYlMkZ3d3cuZ29vZ2xlLmNvbSUyRm1hcHMlMkZlbWJlZCUzRnBiJTNEJTIxMW0xOCUyMTFtMTIlMjExbTMlMjExZDM3MTkuNjM4MDk4MzU5NDg0JTIxMmQtNDcuODQ3NTgzMjg1NTEwMjA0JTIxM2QtMjEuMjA2NTMwODg0NzQyMDU1JTIxMm0zJTIxMWYwJTIxMmYwJTIxM2YwJTIxM20yJTIxMWkxMDI0JTIxMmk3NjglMjE0ZjEzLjElMjEzbTMlMjExbTIlMjExczB4OTRiOWJjMWRjYzA1MDYxMyUyNTNBMHg4NjEwMWQyNjQ4YjI1MzI4JTIxMnNSLiUyNTIwQSUyNTIwTm92ZSUyNTJDJTI1MjAxMzYlMjUyMC0lMjUyMFBhcnF1ZSUyNTIwUmliZWlyYW8lMjUyMFByZXRvJTI1MkMlMjUyMFJpYmVpciUyNUMzJTI1QTNvJTI1MjBQcmV0byUyNTIwLSUyNTIwU1AlMjE1ZTAlMjEzbTIlMjExc3B0LUJSJTIxMnNiciUyMTR2MTYyNDM4MDE3ODA2NyUyMTVtMiUyMTFzcHQtQlIlMjEyc2JyJTIyJTIwd2lkdGglM0QlMjI2MDAlMjIlMjBoZWlnaHQlM0QlMjI0NTAlMjIlMjBzdHlsZSUzRCUyMmJvcmRlciUzQTAlM0IlMjIlMjBhbGxvd2Z1bGxzY3JlZW4lM0QlMjIlMjIlMjBsb2FkaW5nJTNEJTIybGF6eSUyMiUzRSUzQyUyRmlmcmFtZSUzRQ==[\/vc_raw_html][\/vc_column][\/vc_row][vc_row type=&#8221;in_container&#8221; full_screen_row_position=&#8221;middle&#8221; scene_position=&#8221;center&#8221; text_color=&#8221;dark&#8221; text_align=&#8221;left&#8221; overlay_strength=&#8221;0.3&#8243; shape_divider_position=&#8221;bottom&#8221;][vc_column column_padding=&#8221;no-extra-padding&#8221; column_padding_position=&#8221;all&#8221; background_color_opacity=&#8221;1&#8243; background_hover_color_opacity=&#8221;1&#8243; column_shadow=&#8221;none&#8221; column_border_radius=&#8221;none&#8221; width=&#8221;1\/1&#8243; tablet_text_alignment=&#8221;default&#8221; phone_text_alignment=&#8221;default&#8221; column_border_width=&#8221;none&#8221; column_border_style=&#8221;solid&#8221;][vc_gallery type=&#8221;image_grid&#8221; images=&#8221;147&#8243; layout=&#8221;3&#8243; gallery_style=&#8221;5&#8243; load_in_animation=&#8221;none&#8221;][\/vc_column][\/vc_row]\n","protected":false},"excerpt":{"rendered":"<p>[vc_row type=&#8221;in_container&#8221; full_screen_row_position=&#8221;middle&#8221; equal_height=&#8221;yes&#8221; content_placement=&#8221;middle&#8221; scene_position=&#8221;center&#8221; text_color=&#8221;dark&#8221; text_align=&#8221;left&#8221; top_padding=&#8221;50&#8243; bottom_padding=&#8221;50&#8243; overlay_strength=&#8221;0.3&#8243; shape_divider_position=&#8221;bottom&#8221; shape_type=&#8221;&#8221;][vc_column column_padding=&#8221;no-extra-padding&#8221; column_padding_position=&#8221;all&#8221; background_color_opacity=&#8221;1&#8243; background_hover_color_opacity=&#8221;1&#8243; column_shadow=&#8221;none&#8221; column_border_radius=&#8221;none&#8221; width=&#8221;1\/2&#8243; tablet_text_alignment=&#8221;default&#8221; phone_text_alignment=&#8221;default&#8221; column_border_width=&#8221;none&#8221; column_border_style=&#8221;solid&#8221;][vc_column_text] Venha participar de um culto conosco&#8230;<\/p>\n","protected":false},"author":1,"featured_media":0,"parent":15,"menu_order":0,"comment_status":"closed","ping_status":"closed","template":"","meta":{"footnotes":""},"class_list":["post-92","page","type-page","status-publish","hentry"],"_links":{"self":[{"href":"https:\/\/admrp.com.br\/portal\/wp-json\/wp\/v2\/pages\/92","targetHints":{"allow":["GET"]}}],"collection":[{"href":"https:\/\/admrp.com.br\/portal\/wp-json\/wp\/v2\/pages"}],"about":[{"href":"https:\/\/admrp.com.br\/portal\/wp-json\/wp\/v2\/types\/page"}],"author":[{"embeddable":true,"href":"https:\/\/admrp.com.br\/portal\/wp-json\/wp\/v2\/users\/1"}],"replies":[{"embeddable":true,"href":"https:\/\/admrp.com.br\/portal\/wp-json\/wp\/v2\/comments?post=92"}],"version-history":[{"count":4,"href":"https:\/\/admrp.com.br\/portal\/wp-json\/wp\/v2\/pages\/92\/revisions"}],"predecessor-version":[{"id":148,"href":"https:\/\/admrp.com.br\/portal\/wp-json\/wp\/v2\/pages\/92\/revisions\/148"}],"up":[{"embeddable":true,"href":"https:\/\/admrp.com.br\/portal\/wp-json\/wp\/v2\/pages\/15"}],"wp:attachment":[{"href":"https:\/\/admrp.com.br\/portal\/wp-json\/wp\/v2\/media?parent=92"}],"curies":[{"name":"wp","href":"https:\/\/api.w.org\/{rel}","templated":true}]}}