
{"id":99,"date":"2021-06-22T15:12:52","date_gmt":"2021-06-22T15:12:52","guid":{"rendered":"https:\/\/admrp.com.br\/portal\/?page_id=99"},"modified":"2021-06-22T16:58:59","modified_gmt":"2021-06-22T16:58:59","slug":"ribeirao-verde","status":"publish","type":"page","link":"https:\/\/admrp.com.br\/portal\/congregacoes\/ribeirao-verde\/","title":{"rendered":"Ribeir\u00e3o Verde"},"content":{"rendered":"[vc_row type=&#8221;in_container&#8221; full_screen_row_position=&#8221;middle&#8221; equal_height=&#8221;yes&#8221; content_placement=&#8221;middle&#8221; scene_position=&#8221;center&#8221; text_color=&#8221;dark&#8221; text_align=&#8221;left&#8221; top_padding=&#8221;50&#8243; bottom_padding=&#8221;50&#8243; overlay_strength=&#8221;0.3&#8243; shape_divider_position=&#8221;bottom&#8221; shape_type=&#8221;&#8221;][vc_column column_padding=&#8221;no-extra-padding&#8221; column_padding_position=&#8221;all&#8221; background_color_opacity=&#8221;1&#8243; background_hover_color_opacity=&#8221;1&#8243; column_shadow=&#8221;none&#8221; column_border_radius=&#8221;none&#8221; width=&#8221;1\/2&#8243; tablet_text_alignment=&#8221;default&#8221; phone_text_alignment=&#8221;default&#8221; column_border_width=&#8221;none&#8221; column_border_style=&#8221;solid&#8221;][vc_column_text]\n<h3 style=\"text-align: justify;\">Venha participar de um culto conosco aqui na congrega\u00e7\u00e3o do Ribeir\u00e3o Verde da ADMRP, venha com toda a sua familia, traga a sua caravana, venha com a sua igreja, coopere conosco, receba o seu milagre. Jesus Cristo tem a solu\u00e7\u00e3o para tudo aquilo que voc\u00ea n\u00f5o conseguiu solucionar at\u00e9 hoje. Jesus Salva &#8211; Jesus Liberta &#8211; Jesus Batiza com Espirito Santo &#8211; Jesus Cura e muito mais. Ele tem poder pra fazer qualquer coisa. De uma chance pra voc\u00ea mesmo(a) e venha ser tocado(a) pelo poder de Deus que est\u00e1 presente aqui nessa casa de ora\u00e7\u00e3o. Deus te aben\u00e7oe.<\/h3>\n[\/vc_column_text][\/vc_column][vc_column column_padding=&#8221;padding-2-percent&#8221; column_padding_position=&#8221;all&#8221; background_color_opacity=&#8221;1&#8243; background_hover_color_opacity=&#8221;1&#8243; column_shadow=&#8221;small_depth&#8221; column_border_radius=&#8221;3px&#8221; width=&#8221;1\/2&#8243; tablet_text_alignment=&#8221;default&#8221; phone_text_alignment=&#8221;default&#8221; column_border_width=&#8221;none&#8221;][vc_column_text]\n<h2>HOR\u00c1RIOS DE CULTOS<\/h2>\n<ul>\n<li>\n<h3>DOMINGO &#8211; 19H<\/h3>\n<\/li>\n<li>\n<h3>TER\u00c7A-FEIRA &#8211; 19H30<\/h3>\n<\/li>\n<li>\n<h3>QUINTA-FEIRA &#8211; 19H30<\/h3>\n<\/li>\n<\/ul>\n[\/vc_column_text][vc_raw_html]JTNDaWZyYW1lJTIwc3JjJTNEJTIyaHR0cHMlM0ElMkYlMkZ3d3cuZ29vZ2xlLmNvbSUyRm1hcHMlMkZlbWJlZCUzRnBiJTNEJTIxMW0xOCUyMTFtMTIlMjExbTMlMjExZDM3MjEuNTQ1Nzc1NDAwNjUxNiUyMTJkLTQ3Ljc0NzYxMTQ4NTUxMiUyMTNkLTIxLjEzMDY2Nzc4MjIxODA5JTIxMm0zJTIxMWYwJTIxMmYwJTIxM2YwJTIxM20yJTIxMWkxMDI0JTIxMmk3NjglMjE0ZjEzLjElMjEzbTMlMjExbTIlMjExczB4OTRiOWMwMTUzZTRhYTI5MSUyNTNBMHg4YjllYmIwYzM0MmFiOGYwJTIxMnNSLiUyNTIwRW1pZ2RpbyUyNTIwUm9zc2V0byUyNTJDJTI1MjAyNzU4JTI1MjAtJTI1MjBKYXJkaW0lMjUyMEZsb3Jlc3RhbiUyNTIwRmVybmFuZGVzJTI1MkMlMjUyMFJpYmVpciUyNUMzJTI1QTNvJTI1MjBQcmV0byUyNTIwLSUyNTIwU1AlMjUyQyUyNTIwMTQwNzktMzI2JTIxNWUwJTIxM20yJTIxMXNwdC1CUiUyMTJzYnIlMjE0djE2MjQzODA3NzU1NTMlMjE1bTIlMjExc3B0LUJSJTIxMnNiciUyMiUyMHdpZHRoJTNEJTIyNjAwJTIyJTIwaGVpZ2h0JTNEJTIyNDUwJTIyJTIwc3R5bGUlM0QlMjJib3JkZXIlM0EwJTNCJTIyJTIwYWxsb3dmdWxsc2NyZWVuJTNEJTIyJTIyJTIwbG9hZGluZyUzRCUyMmxhenklMjIlM0UlM0MlMkZpZnJhbWUlM0U=[\/vc_raw_html][\/vc_column][\/vc_row][vc_row type=&#8221;in_container&#8221; full_screen_row_position=&#8221;middle&#8221; scene_position=&#8221;center&#8221; text_color=&#8221;dark&#8221; text_align=&#8221;left&#8221; overlay_strength=&#8221;0.3&#8243; shape_divider_position=&#8221;bottom&#8221;][vc_column column_padding=&#8221;no-extra-padding&#8221; column_padding_position=&#8221;all&#8221; background_color_opacity=&#8221;1&#8243; background_hover_color_opacity=&#8221;1&#8243; column_shadow=&#8221;none&#8221; column_border_radius=&#8221;none&#8221; width=&#8221;1\/1&#8243; tablet_text_alignment=&#8221;default&#8221; phone_text_alignment=&#8221;default&#8221; column_border_width=&#8221;none&#8221; column_border_style=&#8221;solid&#8221;][vc_gallery type=&#8221;image_grid&#8221; images=&#8221;141,142&#8243; layout=&#8221;3&#8243; gallery_style=&#8221;5&#8243; load_in_animation=&#8221;none&#8221;][\/vc_column][\/vc_row]\n","protected":false},"excerpt":{"rendered":"<p>[vc_row type=&#8221;in_container&#8221; full_screen_row_position=&#8221;middle&#8221; equal_height=&#8221;yes&#8221; content_placement=&#8221;middle&#8221; scene_position=&#8221;center&#8221; text_color=&#8221;dark&#8221; text_align=&#8221;left&#8221; top_padding=&#8221;50&#8243; bottom_padding=&#8221;50&#8243; overlay_strength=&#8221;0.3&#8243; shape_divider_position=&#8221;bottom&#8221; shape_type=&#8221;&#8221;][vc_column column_padding=&#8221;no-extra-padding&#8221; column_padding_position=&#8221;all&#8221; background_color_opacity=&#8221;1&#8243; background_hover_color_opacity=&#8221;1&#8243; column_shadow=&#8221;none&#8221; column_border_radius=&#8221;none&#8221; width=&#8221;1\/2&#8243; tablet_text_alignment=&#8221;default&#8221; phone_text_alignment=&#8221;default&#8221; column_border_width=&#8221;none&#8221; column_border_style=&#8221;solid&#8221;][vc_column_text] Venha participar de um culto conosco&#8230;<\/p>\n","protected":false},"author":1,"featured_media":0,"parent":15,"menu_order":0,"comment_status":"closed","ping_status":"closed","template":"","meta":{"footnotes":""},"class_list":["post-99","page","type-page","status-publish","hentry"],"_links":{"self":[{"href":"https:\/\/admrp.com.br\/portal\/wp-json\/wp\/v2\/pages\/99","targetHints":{"allow":["GET"]}}],"collection":[{"href":"https:\/\/admrp.com.br\/portal\/wp-json\/wp\/v2\/pages"}],"about":[{"href":"https:\/\/admrp.com.br\/portal\/wp-json\/wp\/v2\/types\/page"}],"author":[{"embeddable":true,"href":"https:\/\/admrp.com.br\/portal\/wp-json\/wp\/v2\/users\/1"}],"replies":[{"embeddable":true,"href":"https:\/\/admrp.com.br\/portal\/wp-json\/wp\/v2\/comments?post=99"}],"version-history":[{"count":3,"href":"https:\/\/admrp.com.br\/portal\/wp-json\/wp\/v2\/pages\/99\/revisions"}],"predecessor-version":[{"id":150,"href":"https:\/\/admrp.com.br\/portal\/wp-json\/wp\/v2\/pages\/99\/revisions\/150"}],"up":[{"embeddable":true,"href":"https:\/\/admrp.com.br\/portal\/wp-json\/wp\/v2\/pages\/15"}],"wp:attachment":[{"href":"https:\/\/admrp.com.br\/portal\/wp-json\/wp\/v2\/media?parent=99"}],"curies":[{"name":"wp","href":"https:\/\/api.w.org\/{rel}","templated":true}]}}